{"id":32122,"date":"2018-08-23T08:36:45","date_gmt":"2018-08-23T08:36:45","guid":{"rendered":"http:\/\/dcmabogados.viviendassobreplano.es\/?page_id=32122"},"modified":"2021-06-08T10:07:35","modified_gmt":"2021-06-08T10:07:35","slug":"contacto","status":"publish","type":"page","link":"https:\/\/dcmabogados.com\/en\/contacto","title":{"rendered":"Contact"},"content":{"rendered":"<div class=\"twocol_one\"><div role=\"form\" class=\"wpcf7\" id=\"wpcf7-f32206-o1\" lang=\"es-ES\" dir=\"ltr\">\n<div class=\"screen-reader-response\"><\/div>\n<form action=\"\/en\/wp-json\/wp\/v2\/pages\/32122#wpcf7-f32206-o1\" method=\"post\" class=\"wpcf7-form\" novalidate=\"novalidate\">\n<div style=\"display: none;\">\n<input type=\"hidden\" name=\"_wpcf7\" value=\"32206\" \/>\n<input type=\"hidden\" name=\"_wpcf7_version\" value=\"5.0.4\" \/>\n<input type=\"hidden\" name=\"_wpcf7_locale\" value=\"es_ES\" \/>\n<input type=\"hidden\" name=\"_wpcf7_unit_tag\" value=\"wpcf7-f32206-o1\" \/>\n<input type=\"hidden\" name=\"_wpcf7_container_post\" value=\"0\" \/>\n<\/div>\n<p><label> First name (required)<br \/>\n    <span class=\"wpcf7-form-control-wrap your-name\"><input type=\"text\" name=\"your-name\" value=\"\" size=\"40\" class=\"wpcf7-form-control wpcf7-text wpcf7-validates-as-required\" aria-required=\"true\" aria-invalid=\"false\" \/><\/span> <\/label><\/p>\n<p><label> E-mail (required)<br \/>\n    <span class=\"wpcf7-form-control-wrap your-email\"><input type=\"email\" name=\"your-email\" value=\"\" size=\"40\" class=\"wpcf7-form-control wpcf7-text wpcf7-email wpcf7-validates-as-required wpcf7-validates-as-email\" aria-required=\"true\" aria-invalid=\"false\" \/><\/span> <\/label><\/p>\n<p><label> Phone<br \/>\n    <span class=\"wpcf7-form-control-wrap Telefono\"><input type=\"tel\" name=\"Telefono\" value=\"\" size=\"40\" class=\"wpcf7-form-control wpcf7-text wpcf7-tel wpcf7-validates-as-tel\" aria-invalid=\"false\" \/><\/span> <\/label><\/p>\n<p><label> Subject (required)<br \/>\n    <span class=\"wpcf7-form-control-wrap your-subject\"><input type=\"text\" name=\"your-subject\" value=\"\" size=\"40\" class=\"wpcf7-form-control wpcf7-text\" aria-invalid=\"false\" \/><\/span> <\/label><\/p>\n<p><label> Message (required)<br \/>\n    <span class=\"wpcf7-form-control-wrap your-message\"><textarea name=\"your-message\" cols=\"40\" rows=\"10\" class=\"wpcf7-form-control wpcf7-textarea\" aria-invalid=\"false\"><\/textarea><\/span> <\/label><\/p>\n<p><span class=\"wpcf7-form-control-wrap acceptance-660\"><span class=\"wpcf7-form-control wpcf7-acceptance\"><span class=\"wpcf7-list-item\"><label><input type=\"checkbox\" name=\"acceptance-660\" value=\"1\" aria-invalid=\"false\" \/><span class=\"wpcf7-list-item-label\">HE LE\u00cdDO Y ACEPTO LA <a href=\"http:\/\/dcmabogados.com\/informacion-basica-proteccion-de-datos\"> INFORMACI\u00d3N B\u00c1SICA SOBRE PROTECCI\u00d3N DE DATOS. <\/a><\/span><\/label><\/span><\/span><\/span><br \/>\n<span class=\"wpcf7-form-control-wrap acceptance-462\"><span class=\"wpcf7-form-control wpcf7-acceptance\"><span class=\"wpcf7-list-item\"><label><input type=\"checkbox\" name=\"acceptance-462\" value=\"1\" aria-invalid=\"false\" \/><span class=\"wpcf7-list-item-label\">ACEPTO LA RECEPCION DE COMUNICACIONES COMERCIALES<\/span><\/label><\/span><\/span><\/span><br \/>\n<span class=\"wpcf7-form-control-wrap acceptance-921\"><span class=\"wpcf7-form-control wpcf7-acceptance\"><span class=\"wpcf7-list-item\"><label><input type=\"checkbox\" name=\"acceptance-921\" value=\"1\" aria-invalid=\"false\" \/><span class=\"wpcf7-list-item-label\">NO ACEPTO LA RECEPCION DE COMUNICACIONES COMERCIALES<\/span><\/label><\/span><\/span><\/span><br \/>\n<input type=\"submit\" value=\"Enviar\" class=\"wpcf7-form-control wpcf7-submit\" \/><\/p>\n<p style=\"display: none !important;\" class=\"akismet-fields-container\" data-prefix=\"_wpcf7_ak_\"><label>&#916;<textarea name=\"_wpcf7_ak_hp_textarea\" cols=\"45\" rows=\"8\" maxlength=\"100\"><\/textarea><\/label><input type=\"hidden\" id=\"ak_js_1\" name=\"_wpcf7_ak_js\" value=\"71\"\/><script>document.getElementById( \"ak_js_1\" ).setAttribute( \"value\", ( new Date() ).getTime() );<\/script><\/p><div class=\"wpcf7-response-output wpcf7-display-none\"><\/div><\/form><\/div><\/div><div class=\"twocol_one last\"> your content <\/div>\n","protected":false},"excerpt":{"rendered":"{:es} Nombre (requerido) Mail (requerido) Tel\u00e9fono Asunto (requerido) Tu mensaje (requerido) HE LE\u00cdDO Y ACEPTO LA INFORMACI\u00d3N B\u00c1SICA SOBRE PROTECCI\u00d3N DE DATOS. ACEPTO LA RECEPCION DE COMUNICACIONES COMERCIALES NO ACEPTO LA RECEPCION DE COMUNICACIONES COMERCIALES &#916;document.getElementById( \"ak_js_2\" ).setAttribute( \"value\", ( new Date() ).getTime() ); &lt;iframe src=\"https:\/\/www.google.com\/maps\/embed?pb=!1m18!1m12!1m3!1d3037.4163804483073!2d-3.6851075843266363!3d40.42177807936452!2m3!1f0!2f0!3f0!3m2!1i1024!2i768!4f13.1!3m3!1m2!1s0xd42288ff466d8f1%3A0x89e14f0d8c2fd4da!2sDCM+Abogados!5e0!3m2!1ses!2ses!4v1539847585367\" width=\"600\" height=\"450\" frameborder=\"0\" style=\"border:0\" allowfullscreen&gt;&lt;\/iframe&gt; {:}{:en} First name (required) [...]<a href=\"https:\/\/dcmabogados.com\/en\/contacto\" class=\"df-link-excerpt\">Continue reading<\/a>","protected":false},"author":1,"featured_media":0,"parent":0,"menu_order":0,"comment_status":"closed","ping_status":"closed","template":"","meta":{"footnotes":""},"translation":{"provider":"WPGlobus","version":"3.0.1","language":"en","enabled_languages":["es","en"],"languages":{"es":{"title":true,"content":true,"excerpt":false},"en":{"title":true,"content":true,"excerpt":false}}},"_links":{"self":[{"href":"https:\/\/dcmabogados.com\/en\/wp-json\/wp\/v2\/pages\/32122"}],"collection":[{"href":"https:\/\/dcmabogados.com\/en\/wp-json\/wp\/v2\/pages"}],"about":[{"href":"https:\/\/dcmabogados.com\/en\/wp-json\/wp\/v2\/types\/page"}],"author":[{"embeddable":true,"href":"https:\/\/dcmabogados.com\/en\/wp-json\/wp\/v2\/users\/1"}],"replies":[{"embeddable":true,"href":"https:\/\/dcmabogados.com\/en\/wp-json\/wp\/v2\/comments?post=32122"}],"version-history":[{"count":5,"href":"https:\/\/dcmabogados.com\/en\/wp-json\/wp\/v2\/pages\/32122\/revisions"}],"predecessor-version":[{"id":32448,"href":"https:\/\/dcmabogados.com\/en\/wp-json\/wp\/v2\/pages\/32122\/revisions\/32448"}],"wp:attachment":[{"href":"https:\/\/dcmabogados.com\/en\/wp-json\/wp\/v2\/media?parent=32122"}],"curies":[{"name":"wp","href":"https:\/\/api.w.org\/{rel}","templated":true}]}}