{"id":32409,"date":"2018-09-25T10:54:36","date_gmt":"2018-09-25T10:54:36","guid":{"rendered":"http:\/\/dcmabogados.com\/?page_id=32409"},"modified":"2026-02-16T09:13:23","modified_gmt":"2026-02-16T09:13:23","slug":"procesal","status":"publish","type":"page","link":"https:\/\/dcmabogados.com\/en\/procesal","title":{"rendered":"Procesal"},"content":{"rendered":"<p>Partiendo de los diferentes escenarios que se pueden dar en un procedimiento judicial, el departamento de procesal (junto con los compa\u00f1eros especialistas en cada tipo de asunto) establecen la estrategia jur\u00eddicamente m\u00e1s conveniente para el cliente considerando su actividad, sus necesidades y sus preocupaciones.<\/p>\n<p>Los letrados del Despacho cuentan con una dilatada experiencia en procedimientos judiciales de contenido muy diversos, tanto en el \u00e1mbito civil y mercantil como en el penal econ\u00f3mico, como por ejemplo: (i) resoluci\u00f3n, interpretaci\u00f3n, validez y cumplimiento de contratos civiles y mercantiles, (ii) acciones de responsabilidad tanto contractual como extracontractual, (iii) ejecuci\u00f3n de resoluciones judiciales, extrajudiciales y documentos que llevan aparejada la ejecuci\u00f3n de los mismos, (iv) reconocimiento y ejecuci\u00f3n de sentencias extranjeras, (v) conflictos entre accionistas, impugnaci\u00f3n de acuerdos sociales, responsabilidades administradores, conflictos con los pactos parasociales, (vi) conflictos sobre la propiedad, posesi\u00f3n, transmisi\u00f3n, arrendamientos de bienes muebles e inmuebles, as\u00ed como relativos a la propiedad horizontal, y (vii) defensa y acusaci\u00f3n en procedimientos de penal econ\u00f3mico, incluyendo delitos de estafa, apropiaci\u00f3n indebida, administraci\u00f3n desleal, insolvencias punibles y otros il\u00edcitos de contenido patrimonial o societario.<\/p>\n","protected":false},"excerpt":{"rendered":"<p>Partiendo de los diferentes escenarios que se pueden dar en un procedimiento judicial, el departamento de procesal (junto con los compa\u00f1eros especialistas en cada tipo de asunto) establecen la estrategia jur\u00eddicamente m\u00e1s conveniente para el cliente considerando su actividad, sus necesidades y sus preocupaciones. Los letrados del Despacho cuentan con una dilatada experiencia en procedimientos [&hellip;]<a href=\"https:\/\/dcmabogados.com\/en\/procesal\" class=\"df-link-excerpt\">Continue reading<\/a><\/p>\n","protected":false},"author":1,"featured_media":0,"parent":0,"menu_order":0,"comment_status":"closed","ping_status":"closed","template":"","meta":{"footnotes":""},"translation":{"provider":"WPGlobus","version":"3.0.1","language":"en","enabled_languages":["es","en"],"languages":{"es":{"title":true,"content":true,"excerpt":false},"en":{"title":false,"content":false,"excerpt":false}}},"_links":{"self":[{"href":"https:\/\/dcmabogados.com\/en\/wp-json\/wp\/v2\/pages\/32409"}],"collection":[{"href":"https:\/\/dcmabogados.com\/en\/wp-json\/wp\/v2\/pages"}],"about":[{"href":"https:\/\/dcmabogados.com\/en\/wp-json\/wp\/v2\/types\/page"}],"author":[{"embeddable":true,"href":"https:\/\/dcmabogados.com\/en\/wp-json\/wp\/v2\/users\/1"}],"replies":[{"embeddable":true,"href":"https:\/\/dcmabogados.com\/en\/wp-json\/wp\/v2\/comments?post=32409"}],"version-history":[{"count":3,"href":"https:\/\/dcmabogados.com\/en\/wp-json\/wp\/v2\/pages\/32409\/revisions"}],"predecessor-version":[{"id":32787,"href":"https:\/\/dcmabogados.com\/en\/wp-json\/wp\/v2\/pages\/32409\/revisions\/32787"}],"wp:attachment":[{"href":"https:\/\/dcmabogados.com\/en\/wp-json\/wp\/v2\/media?parent=32409"}],"curies":[{"name":"wp","href":"https:\/\/api.w.org\/{rel}","templated":true}]}}