{"id":32560,"date":"2018-11-29T12:16:44","date_gmt":"2018-11-29T12:16:44","guid":{"rendered":"http:\/\/dcmabogados.com\/?page_id=32560"},"modified":"2018-11-29T12:16:44","modified_gmt":"2018-11-29T12:16:44","slug":"guia-de-configuracion-de-cookies","status":"publish","type":"page","link":"https:\/\/dcmabogados.com\/en\/guia-de-configuracion-de-cookies","title":{"rendered":"guia de configuracion de cookies"},"content":{"rendered":"<h2>Cookies: configuraci\u00f3n navegadores<\/h2>\n<p>Esta es una peque\u00f1a gu\u00eda gr\u00e1fica para configurar nuestras preferencias con respecto a las cookies, en los distintos navegadores, en sus \u00faltimas versiones.<\/p>\n<h2>Firefox versi\u00f3n 25.<\/h2>\n<p>Accedemos al men\u00fa \u201cOpciones\u201d, \u201cprivacidad\u201d, y aparece \u201cRecordar historial\u201d.<\/p>\n<p>Debemos marcar \u201cUsar una configuraci\u00f3n personalizada para el historial\u201d, y desactivar \u201cAceptar cookies\u201d. O \u201cAceptar cookies\u201d con la opci\u00f3n \u201cpreguntar siempre\u201d.<\/p>\n<p>&nbsp;<\/p>\n<p>M\u00e1s informaci\u00f3n en\u00a0<a href=\"http:\/\/support.mozilla.org\/es\/kb\/Ventana%20Opciones%20-%20Panel%20Privacidad?as=u\">soporte online de Firefox<\/a>.<\/p>\n<h2>Google Chrome 31.<\/h2>\n<p>Accedemos a \u201cConfiguraci\u00f3n\u201d, \u201cMostrar opciones avanzadas\u201d, \u201cPrivacidad\u201d, \u201cConfiguraci\u00f3n de contenido\u201d. O copiar en la barra de direcciones \u201cchrome:\/\/chrome\/settings\/content\u201d. Por defecto aparece marcado \u201cPermitir que se almacenen datos locales (recomendado)\u201d.<\/p>\n<p>Para no permitir las cookies, habr\u00e1 que cambia a la opci\u00f3n \u201cNo permitir que se guarden datos de los sitios\u201d.<\/p>\n<h2>Internet Explorer 10.<\/h2>\n<p>En \u201cOpciones de Internet\u201d, pesta\u00f1a \u201cPrivacidad\u201d, tiene como opci\u00f3n predeterminada \u201cMedia\u201d, que bloquea algunas cookies de terceros y restringe algunas cookies de terceros.<\/p>\n<p>&nbsp;<\/p>\n<h2>Safari 5 (Windows).<\/h2>\n<p>En el men\u00fa \u201cHerramientas\u201d, \u201cPreferencias\u201d, podemos ver que tiene activado por defecto \u201cde publicidad y terceros\u201d.<\/p>\n<p>Para impedir la instalaci\u00f3n de cookies, tendremos que cambiar a la opci\u00f3n \u201cnunca\u201d.<\/p>\n<p>&nbsp;<\/p>\n<h2>OPERA 12<\/h2>\n<p>En el men\u00fa, \u201cConfiguraci\u00f3n\u201d, \u201cOpciones\u201d, en la pesta\u00f1a \u201cAvanzado\u201d, apartado \u201cCookies\u201d. Por defecto viene activada la opci\u00f3n \u201cAceptar cookies\u201d. Para poder bloquear cookies de terceros podemos marcar la opci\u00f3n \u201caceptar cookies solo del sitio visitado\u201d, o bloquear con la opci\u00f3n \u201cNo aceptar cookies nunca\u201d.<\/p>\n<p>&nbsp;<\/p>\n<p>&nbsp;<\/p>\n<h3>Informaci\u00f3n adicional proporcionada por el desarrollador del navegador.<\/h3>\n<h3><em>Chrome\u00a0\u00a0\u00a0\u00a0\u00a0\u00a0\u00a0\u00a0\u00a0<\/em><\/h3>\n<p><em>Como administrar cookies y datos de sitios.\u00a0<a href=\"http:\/\/support.google.com\/chrome\/bin\/answer.py?hl=es&amp;answer=95647\">http:\/\/support.google.com\/chrome\/bin\/answer.py?hl=es&amp;answer=95647<\/a><\/em><\/p>\n<h3><em>Firefox\u00a0\u00a0\u00a0\u00a0\u00a0\u00a0<\/em><\/h3>\n<p><em>Configuraci\u00f3n de la privacidad, el historial de navegaci\u00f3n y la funci\u00f3n no quiero ser rastreado<\/em><\/p>\n<p><a href=\"http:\/\/support.mozilla.org\/es\/kb\/configuracion-de-la-privacidad-el-historial-de-nav?redirectlocale=es&amp;as=u&amp;redirectslug=Ventana+Opciones+-+Panel+Privacidad\"><em>http:\/\/support.mozilla.org\/es\/kb\/configuracion-de-la-privacidad-el-historial-de-nav?redirectlocale=es&amp;as=u&amp;redirectslug=Ventana+Opciones+-+Panel+Privacidad#w_rastrear<\/em><\/a><\/p>\n<p>&nbsp;<\/p>\n<h3>Internet Explorer<\/h3>\n<p>Como administrar cookies en Internet Explorer 8\u00a0<a href=\"http:\/\/windows.microsoft.com\/es-xl\/internet-explorer\/delete-manage-cookies#ie=ie-8\" target=\"_blank\" rel=\"noopener\">http:\/\/windows.microsoft.com\/es-xl\/internet-explorer\/delete-manage-cookies#ie=ie-8<\/a><\/p>\n<p>Como administrar cookies en Internet Explorer 9\u00a0<a href=\"http:\/\/windows.microsoft.com\/es-ES\/windows7\/How-to-manage-cookies-in-Internet-Explorer-9\">http:\/\/windows.microsoft.com\/es-ES\/windows7\/How-to-manage-cookies-in-Internet-Explorer-9<\/a><\/p>\n<p>Como administrar cookies en Internet Explorer 10\u00a0<a href=\"http:\/\/windows.microsoft.com\/es-xl\/internet-explorer\/delete-manage-cookies#ie=ie-10\">http:\/\/windows.microsoft.com\/es-xl\/internet-explorer\/delete-manage-cookies#ie=ie-10<\/a><\/p>\n<p>Como administrar cookies en Internet Explorer 11\u00a0<a href=\"http:\/\/windows.microsoft.com\/es-xl\/internet-explorer\/delete-manage-cookies#ie=ie-11\" target=\"_blank\" rel=\"noopener\">http:\/\/windows.microsoft.com\/es-xl\/internet-explorer\/delete-manage-cookies#ie=ie-11<\/a><\/p>\n<h3>Opera<\/h3>\n<p>Cookies\u00a0<a href=\"http:\/\/help.opera.com\/Windows\/12.10\/es-ES\/cookies.html\">http:\/\/help.opera.com\/Windows\/12.10\/es-ES\/cookies.HTML<\/a><\/p>\n<h3>\u00a0Safari<\/h3>\n<p>En ingl\u00e9s, Manage cookies\u00a0<a href=\"http:\/\/support.apple.com\/kb\/PH5042\">http:\/\/support.apple.com\/kb\/PH5042<\/a><\/p>\n","protected":false},"excerpt":{"rendered":"<p>Cookies: configuraci\u00f3n navegadores Esta es una peque\u00f1a gu\u00eda gr\u00e1fica para configurar nuestras preferencias con respecto a las cookies, en los distintos navegadores, en sus \u00faltimas versiones. Firefox versi\u00f3n 25. Accedemos al men\u00fa \u201cOpciones\u201d, \u201cprivacidad\u201d, y aparece \u201cRecordar historial\u201d. Debemos marcar \u201cUsar una configuraci\u00f3n personalizada para el historial\u201d, y desactivar \u201cAceptar cookies\u201d. O \u201cAceptar cookies\u201d con [&hellip;]<a href=\"https:\/\/dcmabogados.com\/en\/guia-de-configuracion-de-cookies\" class=\"df-link-excerpt\">Continue reading<\/a><\/p>\n","protected":false},"author":1,"featured_media":0,"parent":0,"menu_order":0,"comment_status":"closed","ping_status":"closed","template":"","meta":{"footnotes":""},"translation":{"provider":"WPGlobus","version":"3.0.1","language":"en","enabled_languages":["es","en"],"languages":{"es":{"title":true,"content":true,"excerpt":false},"en":{"title":false,"content":false,"excerpt":false}}},"_links":{"self":[{"href":"https:\/\/dcmabogados.com\/en\/wp-json\/wp\/v2\/pages\/32560"}],"collection":[{"href":"https:\/\/dcmabogados.com\/en\/wp-json\/wp\/v2\/pages"}],"about":[{"href":"https:\/\/dcmabogados.com\/en\/wp-json\/wp\/v2\/types\/page"}],"author":[{"embeddable":true,"href":"https:\/\/dcmabogados.com\/en\/wp-json\/wp\/v2\/users\/1"}],"replies":[{"embeddable":true,"href":"https:\/\/dcmabogados.com\/en\/wp-json\/wp\/v2\/comments?post=32560"}],"version-history":[{"count":2,"href":"https:\/\/dcmabogados.com\/en\/wp-json\/wp\/v2\/pages\/32560\/revisions"}],"predecessor-version":[{"id":32649,"href":"https:\/\/dcmabogados.com\/en\/wp-json\/wp\/v2\/pages\/32560\/revisions\/32649"}],"wp:attachment":[{"href":"https:\/\/dcmabogados.com\/en\/wp-json\/wp\/v2\/media?parent=32560"}],"curies":[{"name":"wp","href":"https:\/\/api.w.org\/{rel}","templated":true}]}}