{"id":32565,"date":"2018-11-29T12:21:58","date_gmt":"2018-11-29T12:21:58","guid":{"rendered":"http:\/\/dcmabogados.com\/?page_id=32565"},"modified":"2018-11-29T12:21:58","modified_gmt":"2018-11-29T12:21:58","slug":"informacion-basica-proteccion-de-datos","status":"publish","type":"page","link":"https:\/\/dcmabogados.com\/en\/informacion-basica-proteccion-de-datos","title":{"rendered":"Informaci\u00f3n b\u00e1sica Protecci\u00f3n de Datos"},"content":{"rendered":"<p>Conforme a lo establecido en el Reglamento (UE) 2016\/679, de 27 de abril de 2016, le informamos:<\/p>\n<p>&nbsp;<\/p>\n<p><strong>Responsable:\u00a0\u00a0\u00a0\u00a0\u00a0\u00a0\u00a0\u00a0\u00a0\u00a0\u00a0\u00a0\u00a0\u00a0\u00a0\u00a0\u00a0\u00a0\u00a0\u00a0\u00a0\u00a0\u00a0\u00a0\u00a0\u00a0\u00a0\u00a0\u00a0\u00a0\u00a0\u00a0\u00a0\u00a0\u00a0\u00a0\u00a0\u00a0 <\/strong>CONTRATABULAS, S.L.P.<\/p>\n<p><strong>Finalidad: \u00a0\u00a0\u00a0\u00a0\u00a0\u00a0\u00a0\u00a0\u00a0\u00a0\u00a0\u00a0\u00a0\u00a0\u00a0\u00a0\u00a0\u00a0\u00a0\u00a0\u00a0\u00a0\u00a0\u00a0\u00a0\u00a0\u00a0\u00a0\u00a0\u00a0\u00a0\u00a0\u00a0\u00a0\u00a0\u00a0\u00a0\u00a0\u00a0\u00a0\u00a0\u00a0\u00a0\u00a0 <\/strong>Gesti\u00f3n de la relaci\u00f3n profesional<\/p>\n<p><strong>Legitimidad:<\/strong> \u00a0\u00a0\u00a0\u00a0\u00a0\u00a0\u00a0 \u00a0\u00a0\u00a0\u00a0\u00a0\u00a0\u00a0\u00a0\u00a0\u00a0\u00a0\u00a0\u00a0\u00a0\u00a0\u00a0\u00a0\u00a0\u00a0\u00a0\u00a0\u00a0\u00a0\u00a0\u00a0\u00a0\u00a0\u00a0\u00a0\u00a0\u00a0 Contrato de servicios profesionales<\/p>\n<p><strong>Destinatarios:<\/strong> \u00a0\u00a0\u00a0\u00a0\u00a0\u00a0\u00a0\u00a0\u00a0\u00a0\u00a0\u00a0\u00a0\u00a0\u00a0\u00a0\u00a0\u00a0\u00a0\u00a0\u00a0\u00a0\u00a0\u00a0\u00a0\u00a0\u00a0\u00a0\u00a0\u00a0\u00a0\u00a0\u00a0\u00a0\u00a0\u00a0\u00a0 No se ceder\u00e1n datos a terceros, salvo obligaci\u00f3n legal.<\/p>\n<p><strong>Derechos:<\/strong> \u00a0\u00a0\u00a0\u00a0\u00a0\u00a0\u00a0\u00a0\u00a0\u00a0\u00a0\u00a0\u00a0\u00a0\u00a0\u00a0\u00a0\u00a0\u00a0\u00a0\u00a0\u00a0\u00a0\u00a0\u00a0\u00a0\u00a0\u00a0\u00a0\u00a0\u00a0\u00a0\u00a0\u00a0\u00a0\u00a0\u00a0\u00a0\u00a0\u00a0\u00a0\u00a0\u00a0 Acceder, rectificar, suprimir los datos. Otros derechos, seg\u00fan lo expuesto en la \u201cinformaci\u00f3n adicional\u201d.<\/p>\n<p><strong>Informaci\u00f3n Adicional:<\/strong> \u00a0\u00a0\u00a0\u00a0\u00a0\u00a0 Tiene a su disposici\u00f3n informaci\u00f3n detallada, sobre Protecci\u00f3n de Datos, \u00a0en nuestra p\u00e1gina web\u00a0\u00a0 <strong>www.dcmabogados.com<\/strong><\/p>\n","protected":false},"excerpt":{"rendered":"<p>Conforme a lo establecido en el Reglamento (UE) 2016\/679, de 27 de abril de 2016, le informamos: &nbsp; Responsable:\u00a0\u00a0\u00a0\u00a0\u00a0\u00a0\u00a0\u00a0\u00a0\u00a0\u00a0\u00a0\u00a0\u00a0\u00a0\u00a0\u00a0\u00a0\u00a0\u00a0\u00a0\u00a0\u00a0\u00a0\u00a0\u00a0\u00a0\u00a0\u00a0\u00a0\u00a0\u00a0\u00a0\u00a0\u00a0\u00a0\u00a0\u00a0 CONTRATABULAS, S.L.P. Finalidad: \u00a0\u00a0\u00a0\u00a0\u00a0\u00a0\u00a0\u00a0\u00a0\u00a0\u00a0\u00a0\u00a0\u00a0\u00a0\u00a0\u00a0\u00a0\u00a0\u00a0\u00a0\u00a0\u00a0\u00a0\u00a0\u00a0\u00a0\u00a0\u00a0\u00a0\u00a0\u00a0\u00a0\u00a0\u00a0\u00a0\u00a0\u00a0\u00a0\u00a0\u00a0\u00a0\u00a0\u00a0 Gesti\u00f3n de la relaci\u00f3n profesional Legitimidad: \u00a0\u00a0\u00a0\u00a0\u00a0\u00a0\u00a0 \u00a0\u00a0\u00a0\u00a0\u00a0\u00a0\u00a0\u00a0\u00a0\u00a0\u00a0\u00a0\u00a0\u00a0\u00a0\u00a0\u00a0\u00a0\u00a0\u00a0\u00a0\u00a0\u00a0\u00a0\u00a0\u00a0\u00a0\u00a0\u00a0\u00a0\u00a0 Contrato de servicios profesionales Destinatarios: \u00a0\u00a0\u00a0\u00a0\u00a0\u00a0\u00a0\u00a0\u00a0\u00a0\u00a0\u00a0\u00a0\u00a0\u00a0\u00a0\u00a0\u00a0\u00a0\u00a0\u00a0\u00a0\u00a0\u00a0\u00a0\u00a0\u00a0\u00a0\u00a0\u00a0\u00a0\u00a0\u00a0\u00a0\u00a0\u00a0\u00a0 No se ceder\u00e1n datos a terceros, salvo obligaci\u00f3n legal. Derechos: \u00a0\u00a0\u00a0\u00a0\u00a0\u00a0\u00a0\u00a0\u00a0\u00a0\u00a0\u00a0\u00a0\u00a0\u00a0\u00a0\u00a0\u00a0\u00a0\u00a0\u00a0\u00a0\u00a0\u00a0\u00a0\u00a0\u00a0\u00a0\u00a0\u00a0\u00a0\u00a0\u00a0\u00a0\u00a0\u00a0\u00a0\u00a0\u00a0\u00a0\u00a0\u00a0\u00a0 Acceder, rectificar, suprimir los datos. Otros derechos, [&hellip;]<a href=\"https:\/\/dcmabogados.com\/en\/informacion-basica-proteccion-de-datos\" class=\"df-link-excerpt\">Continue reading<\/a><\/p>\n","protected":false},"author":1,"featured_media":0,"parent":0,"menu_order":0,"comment_status":"closed","ping_status":"closed","template":"","meta":{"footnotes":""},"translation":{"provider":"WPGlobus","version":"3.0.1","language":"en","enabled_languages":["es","en"],"languages":{"es":{"title":true,"content":true,"excerpt":false},"en":{"title":false,"content":false,"excerpt":false}}},"_links":{"self":[{"href":"https:\/\/dcmabogados.com\/en\/wp-json\/wp\/v2\/pages\/32565"}],"collection":[{"href":"https:\/\/dcmabogados.com\/en\/wp-json\/wp\/v2\/pages"}],"about":[{"href":"https:\/\/dcmabogados.com\/en\/wp-json\/wp\/v2\/types\/page"}],"author":[{"embeddable":true,"href":"https:\/\/dcmabogados.com\/en\/wp-json\/wp\/v2\/users\/1"}],"replies":[{"embeddable":true,"href":"https:\/\/dcmabogados.com\/en\/wp-json\/wp\/v2\/comments?post=32565"}],"version-history":[{"count":1,"href":"https:\/\/dcmabogados.com\/en\/wp-json\/wp\/v2\/pages\/32565\/revisions"}],"predecessor-version":[{"id":32566,"href":"https:\/\/dcmabogados.com\/en\/wp-json\/wp\/v2\/pages\/32565\/revisions\/32566"}],"wp:attachment":[{"href":"https:\/\/dcmabogados.com\/en\/wp-json\/wp\/v2\/media?parent=32565"}],"curies":[{"name":"wp","href":"https:\/\/api.w.org\/{rel}","templated":true}]}}