{"id":32720,"date":"2021-06-02T07:30:14","date_gmt":"2021-06-02T07:30:14","guid":{"rendered":"http:\/\/dcmabogados.com\/?page_id=32720"},"modified":"2026-02-19T08:04:16","modified_gmt":"2026-02-19T08:04:16","slug":"el-equipo","status":"publish","type":"page","link":"https:\/\/dcmabogados.com\/en\/el-equipo","title":{"rendered":"Untitled"},"content":{"rendered":"<div class=\"vce-row-container\" data-vce-boxed-width=\"true\"><div class=\"vce-row vce-row--col-gap-30 vce-row-equal-height vce-row-content--top\" id=\"el-63e50be3\" data-vce-do-apply=\"all el-63e50be3\"><div class=\"vce-row-content\" data-vce-element-content=\"true\"><div class=\"vce-col vce-col--md-auto vce-col--xs-1 vce-col--xs-last vce-col--xs-first vce-col--sm-last vce-col--sm-first vce-col--md-last vce-col--lg-last vce-col--xl-last vce-col--md-first vce-col--lg-first vce-col--xl-first\" id=\"el-33a5c5e0\"><div class=\"vce-col-inner\" data-vce-do-apply=\"border margin background  el-33a5c5e0\"><div class=\"vce-col-content\" data-vce-element-content=\"true\" data-vce-do-apply=\"padding el-33a5c5e0\"><\/div><\/div><\/div><\/div><\/div><\/div><div class=\"vce-row-container\" data-vce-boxed-width=\"true\"><div class=\"vce-row vce-row--col-gap-30 vce-row-equal-height vce-row-content--top\" id=\"el-4b4b5548\" data-vce-do-apply=\"all el-4b4b5548\"><div class=\"vce-row-content\" data-vce-element-content=\"true\"><div class=\"vce-col vce-col--md-auto vce-col--xs-1 vce-col--xs-last vce-col--xs-first vce-col--sm-last vce-col--sm-first vce-col--md-first vce-col--lg-first vce-col--xl-first\" id=\"el-1e2aeafa\"><div class=\"vce-col-inner\" data-vce-do-apply=\"border margin background  el-1e2aeafa\"><div class=\"vce-col-content\" data-vce-element-content=\"true\" data-vce-do-apply=\"padding el-1e2aeafa\"><div class=\"vce-single-image-container vce-single-image--align-left\"><div class=\"vce vce-single-image-wrapper\" id=\"el-070194d6\" data-vce-do-apply=\"all el-070194d6\"><figure><div class=\"vce-single-image-inner vce-single-image--absolute\" style=\"padding-bottom: 144.283%; width: 481px;\"><img loading=\"lazy\" decoding=\"async\" class=\"vce-single-image vcv-lozad\" data-src=\"https:\/\/dcmabogados.com\/wp-content\/uploads\/2021\/06\/man.jpg\" width=\"481\" height=\"694\" src=\"\" data-img-src=\"https:\/\/dcmabogados.com\/wp-content\/uploads\/2021\/06\/man.jpg\" alt=\"\" title=\"man\" \/><noscript>\n        <img loading=\"lazy\" decoding=\"async\" class=\"vce-single-image\" src=\"https:\/\/i1.wp.com\/dcmabogados.com\/wp-content\/uploads\/2021\/06\/man.jpg?resize=481%2C694&#038;ssl=1\" width=\"481\" height=\"694\" alt=\"\" title=\"man\" data-recalc-dims=\"1\" \/>\n      <\/noscript><\/div><figcaption hidden=\"\"><\/figcaption><\/figure><\/div><\/div><div class=\"vce-text-block\"><div class=\"vce-text-block-wrapper vce\" id=\"el-64562640\" data-vce-do-apply=\"all el-64562640\"><h3><strong>Manuel D\u00edaz Capit\u00e1n<\/strong><br>Abogado<\/h3><p>Calle Alcal\u00e1, 105, Madrid<br>(+34) 91 563 50 71<br>mdiaz@dcmabogados.com<\/p><\/div><\/div><\/div><\/div><\/div><div class=\"vce-col vce-col--md-auto vce-col--xs-1 vce-col--xs-last vce-col--xs-first vce-col--sm-last vce-col--sm-first vce-col--md-last vce-col--lg-last vce-col--xl-last\" id=\"el-4a188d64\"><div class=\"vce-col-inner\" data-vce-do-apply=\"border margin background  el-4a188d64\"><div class=\"vce-col-content\" data-vce-element-content=\"true\" data-vce-do-apply=\"padding el-4a188d64\"><div class=\"vce-single-image-container vce-single-image--align-left\"><div class=\"vce vce-single-image-wrapper\" id=\"el-0e8c8c8c\" data-vce-do-apply=\"all el-0e8c8c8c\"><figure><div class=\"vce-single-image-inner vce-single-image--absolute\" style=\"padding-bottom: 144.283%; width: 481px;\"><img loading=\"lazy\" decoding=\"async\" class=\"vce-single-image vcv-lozad\" data-src=\"https:\/\/dcmabogados.com\/wp-content\/uploads\/2021\/06\/des.jpg\" width=\"481\" height=\"694\" src=\"\" data-img-src=\"https:\/\/dcmabogados.com\/wp-content\/uploads\/2021\/06\/des.jpg\" alt=\"\" title=\"des\" \/><noscript>\n        <img loading=\"lazy\" decoding=\"async\" class=\"vce-single-image\" src=\"https:\/\/i0.wp.com\/dcmabogados.com\/wp-content\/uploads\/2021\/06\/des.jpg?resize=481%2C694&#038;ssl=1\" width=\"481\" height=\"694\" alt=\"\" title=\"des\" data-recalc-dims=\"1\" \/>\n      <\/noscript><\/div><figcaption hidden=\"\"><\/figcaption><\/figure><\/div><\/div><div class=\"vce-text-block\"><div class=\"vce-text-block-wrapper vce\" id=\"el-1bf8d509\" data-vce-do-apply=\"all el-1bf8d509\"><h3><strong>Desir\u00e9e Ruiz Sobrino<\/strong><br>Abogada<\/h3><p>Calle Alcal\u00e1, 105, Madrid<br>(+34) 91 563 50 71<br>druiz@dcmabogados.com<\/p><\/div><\/div><\/div><\/div><\/div><\/div><\/div><\/div><div class=\"vce-row-container\" data-vce-boxed-width=\"true\"><div class=\"vce-row vce-row--col-gap-30 vce-row-equal-height vce-row-content--top\" id=\"el-4b34a4e9\" data-vce-do-apply=\"all el-4b34a4e9\"><div class=\"vce-row-content\" data-vce-element-content=\"true\"><div class=\"vce-col vce-col--md-auto vce-col--xs-1 vce-col--xs-last vce-col--xs-first vce-col--sm-last vce-col--sm-first vce-col--md-first vce-col--lg-first vce-col--xl-first\" id=\"el-f22d23aa\"><div class=\"vce-col-inner\" data-vce-do-apply=\"border margin background  el-f22d23aa\"><div class=\"vce-col-content\" data-vce-element-content=\"true\" data-vce-do-apply=\"padding el-f22d23aa\"><div class=\"vce-single-image-container vce-single-image--align-left\"><div class=\"vce vce-single-image-wrapper\" id=\"el-99aaa1fa\" data-vce-do-apply=\"all el-99aaa1fa\"><figure><div class=\"vce-single-image-inner vce-single-image--absolute\"><\/div><figcaption hidden=\"\"><\/figcaption><\/figure><\/div><\/div><\/div><\/div><\/div><div class=\"vce-col vce-col--md-auto vce-col--xs-1 vce-col--xs-last vce-col--xs-first vce-col--sm-last vce-col--sm-first vce-col--md-last vce-col--lg-last vce-col--xl-last\" id=\"el-1acb3b2f\"><div class=\"vce-col-inner\" data-vce-do-apply=\"border margin background  el-1acb3b2f\"><div class=\"vce-col-content\" data-vce-element-content=\"true\" data-vce-do-apply=\"padding el-1acb3b2f\"><div class=\"vce-single-image-container vce-single-image--align-left\"><div class=\"vce vce-single-image-wrapper\" id=\"el-daca14a7\" data-vce-do-apply=\"all el-daca14a7\"><figure><div class=\"vce-single-image-inner vce-single-image--absolute\" style=\"padding-bottom: 136.898%; width: 748px;\"><img loading=\"lazy\" decoding=\"async\" class=\"vce-single-image vcv-lozad\" data-src=\"https:\/\/dcmabogados.com\/wp-content\/uploads\/2026\/02\/f-2-recortada-.jpg\" width=\"748\" height=\"1024\" src=\"\" data-img-src=\"https:\/\/dcmabogados.com\/wp-content\/uploads\/2026\/02\/f-2-recortada-.jpg\" alt=\"\" title=\"f 2 recortada\" \/><noscript>\n        <img loading=\"lazy\" decoding=\"async\" class=\"vce-single-image\" src=\"https:\/\/i1.wp.com\/dcmabogados.com\/wp-content\/uploads\/2026\/02\/f-2-recortada-.jpg?resize=748%2C1024&#038;ssl=1\" width=\"748\" height=\"1024\" alt=\"\" title=\"f 2 recortada\" data-recalc-dims=\"1\" \/>\n      <\/noscript><\/div><figcaption hidden=\"\"><\/figcaption><\/figure><\/div><\/div><div class=\"vce-text-block\"><div class=\"vce-text-block-wrapper vce\" id=\"el-6a16a826\" data-vce-do-apply=\"all el-6a16a826\"><h3><strong>David Gal\u00e1n Garc\u00eda<\/strong><br>Abogado<\/h3><p>Calle Alcal\u00e1, 105, Madrid<br>(+34) 91 563 50 71<br>dgalan@dcmabogados.com<\/p><\/div><\/div><\/div><\/div><\/div><\/div><\/div><\/div><div class=\"vce-row-container\" data-vce-boxed-width=\"true\"><div class=\"vce-row vce-row--col-gap-30 vce-row-equal-height vce-row-content--top\" id=\"el-f288ae1a\" data-vce-do-apply=\"all el-f288ae1a\"><div class=\"vce-row-content\" data-vce-element-content=\"true\"><div class=\"vce-col vce-col--md-auto vce-col--xs-1 vce-col--xs-last vce-col--xs-first vce-col--sm-last vce-col--sm-first vce-col--md-first vce-col--lg-first vce-col--xl-first\" id=\"el-b0f27f58\"><div class=\"vce-col-inner\" data-vce-do-apply=\"border margin background  el-b0f27f58\"><div class=\"vce-col-content\" data-vce-element-content=\"true\" data-vce-do-apply=\"padding el-b0f27f58\"><div class=\"vce-single-image-container vce-single-image--align-left\"><div class=\"vce vce-single-image-wrapper\" id=\"el-df7f996f\" data-vce-do-apply=\"all el-df7f996f\"><figure><div class=\"vce-single-image-inner vce-single-image--absolute\" style=\"padding-bottom: 144.283%; width: 481px;\"><img loading=\"lazy\" decoding=\"async\" class=\"vce-single-image vcv-lozad\" data-src=\"https:\/\/dcmabogados.com\/wp-content\/uploads\/2021\/06\/mar.jpg\" width=\"481\" height=\"694\" src=\"\" data-img-src=\"https:\/\/dcmabogados.com\/wp-content\/uploads\/2021\/06\/mar.jpg\" alt=\"\" title=\"mar\" \/><noscript>\n        <img loading=\"lazy\" decoding=\"async\" class=\"vce-single-image\" src=\"https:\/\/i1.wp.com\/dcmabogados.com\/wp-content\/uploads\/2021\/06\/mar.jpg?resize=481%2C694&#038;ssl=1\" width=\"481\" height=\"694\" alt=\"\" title=\"mar\" data-recalc-dims=\"1\" \/>\n      <\/noscript><\/div><figcaption hidden=\"\"><\/figcaption><\/figure><\/div><\/div><div class=\"vce-text-block\"><div class=\"vce-text-block-wrapper vce\" id=\"el-6defc496\" data-vce-do-apply=\"all el-6defc496\"><h3><strong>Mar\u00eda Jos\u00e9 Munt\u00f3<\/strong><br>Economista<\/h3><p>Calle Alcal\u00e1, 105, Madrid<br>(+34) 91 563 50 71<br>administracion@dcmabogados.com<\/p><\/div><\/div><\/div><\/div><\/div><div class=\"vce-col vce-col--md-auto vce-col--xs-1 vce-col--xs-last vce-col--xs-first vce-col--sm-last vce-col--sm-first vce-col--md-last vce-col--lg-last vce-col--xl-last\" id=\"el-285d5d49\"><div class=\"vce-col-inner\" data-vce-do-apply=\"border margin background  el-285d5d49\"><div class=\"vce-col-content\" data-vce-element-content=\"true\" data-vce-do-apply=\"padding el-285d5d49\"><\/div><\/div><\/div><\/div><\/div><\/div><div class=\"vce-row-container\" data-vce-boxed-width=\"true\"><div class=\"vce-row vce-row--col-gap-30 vce-row-equal-height vce-row-content--top\" id=\"el-9ed6144f\" data-vce-do-apply=\"all el-9ed6144f\"><div class=\"vce-row-content\" data-vce-element-content=\"true\"><div class=\"vce-col vce-col--md-auto vce-col--xs-1 vce-col--xs-last vce-col--xs-first vce-col--sm-last vce-col--sm-first vce-col--md-first vce-col--lg-first vce-col--xl-first\" id=\"el-6298341c\"><div class=\"vce-col-inner\" data-vce-do-apply=\"border margin background  el-6298341c\"><div class=\"vce-col-content\" data-vce-element-content=\"true\" data-vce-do-apply=\"padding el-6298341c\"><\/div><\/div><\/div><div class=\"vce-col vce-col--md-auto vce-col--xs-1 vce-col--xs-last vce-col--xs-first vce-col--sm-last vce-col--sm-first vce-col--md-last vce-col--lg-last vce-col--xl-last\" id=\"el-266ecaba\"><div class=\"vce-col-inner\" data-vce-do-apply=\"border margin background  el-266ecaba\"><div class=\"vce-col-content\" data-vce-element-content=\"true\" data-vce-do-apply=\"padding el-266ecaba\"><\/div><\/div><\/div><\/div><\/div><\/div><div class=\"vce-row-container\" data-vce-boxed-width=\"true\"><div class=\"vce-row vce-row--col-gap-30 vce-row-equal-height vce-row-content--top\" id=\"el-7232929c\" data-vce-do-apply=\"all el-7232929c\"><div class=\"vce-row-content\" data-vce-element-content=\"true\"><div class=\"vce-col vce-col--md-auto vce-col--xs-1 vce-col--xs-last vce-col--xs-first vce-col--sm-last vce-col--sm-first vce-col--md-first vce-col--lg-first vce-col--xl-first\" id=\"el-a5ea65a6\"><div class=\"vce-col-inner\" data-vce-do-apply=\"border margin background  el-a5ea65a6\"><div class=\"vce-col-content\" data-vce-element-content=\"true\" data-vce-do-apply=\"padding el-a5ea65a6\"><\/div><\/div><\/div><div class=\"vce-col vce-col--md-auto vce-col--xs-1 vce-col--xs-last vce-col--xs-first vce-col--sm-last vce-col--sm-first vce-col--md-last vce-col--lg-last vce-col--xl-last\" id=\"el-17a7138e\"><div class=\"vce-col-inner\" data-vce-do-apply=\"border margin background  el-17a7138e\"><div class=\"vce-col-content\" data-vce-element-content=\"true\" data-vce-do-apply=\"padding el-17a7138e\"><\/div><\/div><\/div><\/div><\/div><\/div><div class=\"vce-row-container\" data-vce-boxed-width=\"true\"><div class=\"vce-row vce-row--col-gap-30 vce-row-equal-height vce-row-content--top\" id=\"el-8d18e586\" data-vce-do-apply=\"all el-8d18e586\"><div class=\"vce-row-content\" data-vce-element-content=\"true\"><div class=\"vce-col vce-col--md-auto vce-col--xs-1 vce-col--xs-last vce-col--xs-first vce-col--sm-last vce-col--sm-first vce-col--md-last vce-col--lg-last vce-col--xl-last vce-col--md-first vce-col--lg-first vce-col--xl-first\" id=\"el-881d9c2a\"><div class=\"vce-col-inner\" data-vce-do-apply=\"border margin background  el-881d9c2a\"><div class=\"vce-col-content\" data-vce-element-content=\"true\" data-vce-do-apply=\"padding el-881d9c2a\"><\/div><\/div><\/div><\/div><\/div><\/div><div class=\"vce-row-container\" data-vce-boxed-width=\"true\"><div class=\"vce-row vce-row--col-gap-30 vce-row-equal-height vce-row-content--top\" id=\"el-517cc5f9\" data-vce-do-apply=\"all el-517cc5f9\"><div class=\"vce-content-background-container\"><\/div><div class=\"vce-row-content\" data-vce-element-content=\"true\"><div class=\"vce-col vce-col--md-66-66p vce-col--xs-1 vce-col--xs-last vce-col--xs-first vce-col--sm-last vce-col--sm-first vce-col--md-first vce-col--lg-first vce-col--xl-first\" id=\"el-476ad2a3\"><div class=\"vce-col-inner\" data-vce-do-apply=\"border margin background  el-476ad2a3\"><div class=\"vce-col-content\" data-vce-element-content=\"true\" data-vce-do-apply=\"padding el-476ad2a3\"><\/div><\/div><\/div><div class=\"vce-col vce-col--md-33-34p vce-col--xs-1 vce-col--xs-last vce-col--xs-first vce-col--sm-last vce-col--sm-first vce-col--md-last vce-col--lg-last vce-col--xl-last\" id=\"el-7aaf22f3\"><div class=\"vce-col-inner\" data-vce-do-apply=\"border margin background  el-7aaf22f3\"><div class=\"vce-col-content\" data-vce-element-content=\"true\" data-vce-do-apply=\"padding el-7aaf22f3\"><\/div><\/div><\/div><\/div><\/div><\/div><div class=\"vce-row-container\" data-vce-boxed-width=\"true\"><div class=\"vce-row vce-row--col-gap-30 vce-row-equal-height vce-row-content--top\" id=\"el-457b53f8\" data-vce-do-apply=\"all el-457b53f8\"><div class=\"vce-row-content\" data-vce-element-content=\"true\"><div class=\"vce-col vce-col--md-auto vce-col--xs-1 vce-col--xs-last vce-col--xs-first vce-col--sm-last vce-col--sm-first vce-col--md-first vce-col--lg-first vce-col--xl-first\" id=\"el-58d89f8a\"><div class=\"vce-col-inner\" data-vce-do-apply=\"border margin background  el-58d89f8a\"><div class=\"vce-col-content\" data-vce-element-content=\"true\" data-vce-do-apply=\"padding el-58d89f8a\"><\/div><\/div><\/div><div class=\"vce-col vce-col--md-auto vce-col--xs-1 vce-col--xs-last vce-col--xs-first vce-col--sm-last vce-col--sm-first vce-col--md-last vce-col--lg-last vce-col--xl-last\" id=\"el-774a359e\"><div class=\"vce-col-inner\" data-vce-do-apply=\"border margin background  el-774a359e\"><div class=\"vce-col-content\" data-vce-element-content=\"true\" data-vce-do-apply=\"padding el-774a359e\"><\/div><\/div><\/div><\/div><\/div><\/div><div class=\"vce-row-container\" data-vce-boxed-width=\"true\"><div class=\"vce-row vce-row--col-gap-30 vce-row-equal-height vce-row-content--top\" id=\"el-0786fb9b\" data-vce-do-apply=\"all el-0786fb9b\"><div class=\"vce-row-content\" data-vce-element-content=\"true\"><div class=\"vce-col vce-col--md-auto vce-col--xs-1 vce-col--xs-last vce-col--xs-first vce-col--sm-last vce-col--sm-first vce-col--md-last vce-col--lg-last vce-col--xl-last vce-col--md-first vce-col--lg-first vce-col--xl-first\" id=\"el-a3a24fd7\"><div class=\"vce-col-inner\" data-vce-do-apply=\"border margin background  el-a3a24fd7\"><div class=\"vce-col-content\" data-vce-element-content=\"true\" data-vce-do-apply=\"padding el-a3a24fd7\"><\/div><\/div><\/div><\/div><\/div><\/div>\n","protected":false},"excerpt":{"rendered":"<p>Manuel D\u00edaz Capit\u00e1nAbogadoCalle Alcal\u00e1, 105, Madrid(+34) 91 563 50 71mdiaz@dcmabogados.com Desir\u00e9e Ruiz SobrinoAbogadaCalle Alcal\u00e1, 105, Madrid(+34) 91 563 50 71druiz@dcmabogados.com David Gal\u00e1n Garc\u00edaAbogadoCalle Alcal\u00e1, 105, Madrid(+34) 91 563 50 71dgalan@dcmabogados.com Mar\u00eda Jos\u00e9 Munt\u00f3EconomistaCalle Alcal\u00e1, 105, Madrid(+34) 91 563 50 71administracion@dcmabogados.com<\/p>\n","protected":false},"author":1,"featured_media":0,"parent":0,"menu_order":0,"comment_status":"closed","ping_status":"closed","template":"","meta":{"footnotes":""},"translation":{"provider":"WPGlobus","version":"3.0.1","language":"en","enabled_languages":["es","en"],"languages":{"es":{"title":true,"content":true,"excerpt":false},"en":{"title":true,"content":false,"excerpt":false}}},"_links":{"self":[{"href":"https:\/\/dcmabogados.com\/en\/wp-json\/wp\/v2\/pages\/32720"}],"collection":[{"href":"https:\/\/dcmabogados.com\/en\/wp-json\/wp\/v2\/pages"}],"about":[{"href":"https:\/\/dcmabogados.com\/en\/wp-json\/wp\/v2\/types\/page"}],"author":[{"embeddable":true,"href":"https:\/\/dcmabogados.com\/en\/wp-json\/wp\/v2\/users\/1"}],"replies":[{"embeddable":true,"href":"https:\/\/dcmabogados.com\/en\/wp-json\/wp\/v2\/comments?post=32720"}],"version-history":[{"count":20,"href":"https:\/\/dcmabogados.com\/en\/wp-json\/wp\/v2\/pages\/32720\/revisions"}],"predecessor-version":[{"id":32795,"href":"https:\/\/dcmabogados.com\/en\/wp-json\/wp\/v2\/pages\/32720\/revisions\/32795"}],"wp:attachment":[{"href":"https:\/\/dcmabogados.com\/en\/wp-json\/wp\/v2\/media?parent=32720"}],"curies":[{"name":"wp","href":"https:\/\/api.w.org\/{rel}","templated":true}]}}